{"id":202,"date":"2019-07-17T19:25:15","date_gmt":"2019-07-17T19:25:15","guid":{"rendered":"https:\/\/stauden-gross.bbit-hosting.de\/?page_id=202"},"modified":"2019-11-24T16:59:16","modified_gmt":"2019-11-24T16:59:16","slug":"pflanzarbeiten","status":"publish","type":"page","link":"https:\/\/stauden-gross.de\/?page_id=202","title":{"rendered":"Pflanzarbeiten"},"content":{"rendered":"<p>[et_pb_section fb_built=&#8220;1&#8243; _builder_version=&#8220;3.22.3&#8243;][et_pb_row _builder_version=&#8220;3.25&#8243;][et_pb_column type=&#8220;4_4&#8243; _builder_version=&#8220;3.25&#8243; custom_padding=&#8220;|||&#8220; custom_padding__hover=&#8220;|||&#8220;][et_pb_text _builder_version=&#8220;3.27.4&#8243; text_font=&#8220;||||||||&#8220; header_font=&#8220;|500|||||||&#8220; header_text_color=&#8220;#7ab640&#8243; header_font_size=&#8220;35px&#8220;]<\/p>\n<h1 style=\"text-align: center;\">Pflanzarbeiten<\/h1>\n<p>[\/et_pb_text][\/et_pb_column][\/et_pb_row][et_pb_row column_structure=&#8220;1_2,1_2&#8243; _builder_version=&#8220;3.26.1&#8243;][et_pb_column type=&#8220;1_2&#8243; _builder_version=&#8220;3.26.1&#8243;][et_pb_text _builder_version=&#8220;4.0.6&#8243; text_font=&#8220;||||||||&#8220; text_text_color=&#8220;#000000&#8243; text_font_size=&#8220;18px&#8220; header_font=&#8220;||||||||&#8220; custom_margin=&#8220;45px|||||&#8220; hover_enabled=&#8220;0&#8243;]<\/p>\n<p>Man sagt &#8222;Der Vorgarten ist die Visitenkarte des Hauses&#8220;:<\/p>\n<p>Sie w\u00fcnschen sich eine naturnahe, insektenfreundliche Bepflanzung Ihres Privatgartens oder einem gewerblich genutzten Grundst\u00fccks?<\/p>\n<p>Wir erarbeiten gerne eine &#8222;pflegeextensive Bepflanzung&#8220; f\u00fcr Ihr Objekt, die trotzdem farbenfroh und nat\u00fcrlich ist.<\/p>\n<p>Wir kombinieren bei unseren Pflanzungen Geh\u00f6lze mit Bl\u00fctenstr\u00e4uchern und Stauden, so dass sich eine naturnahe Bepflanzung ergibt, die durch verschiedene H\u00f6hen, Blattstrukturen und Bl\u00fctezeitpunkte zu jeder Jahreszeit ihren Reiz hat.<\/p>\n<p>\u00a0Sie stehen mehr auf klare Formen und Linien? Auch kein Problem: Geh\u00f6lze als Kugel- oder Kastenform, Spalierb\u00e4ume etc. gemeinsam mit, z.B. Gr\u00e4sern oder einheitlichen Staudensorten, gepflanzt, ergeben einen modernen Pflanzstil und passen sehr gut zu moderner Architektur. Am Wichtigsten bei allen Pflanzungen ist jedoch die Qualit\u00e4t der Pflanzen, auf die wir schon bei der Auswahl achten, um sp\u00e4ter keine b\u00f6sen \u00dcberraschungen zu erleben!<\/p>\n<p>[\/et_pb_text][\/et_pb_column][et_pb_column type=&#8220;1_2&#8243; _builder_version=&#8220;3.26.1&#8243;][et_pb_gallery gallery_ids=&#8220;174,312,311,310,309,308,307,306,305,320&#8243; gallery_orderby=&#8220;rand&#8220; show_title_and_caption=&#8220;off&#8220; show_pagination=&#8220;off&#8220; _builder_version=&#8220;3.26.6&#8243; custom_margin=&#8220;50px||||false|false&#8220;][\/et_pb_gallery][\/et_pb_column][\/et_pb_row][\/et_pb_section]<\/p>\n","protected":false},"excerpt":{"rendered":"<p>PflanzarbeitenMan sagt &#8222;Der Vorgarten ist die Visitenkarte des Hauses&#8220;: Sie w\u00fcnschen sich eine naturnahe, insektenfreundliche Bepflanzung Ihres Privatgartens oder einem gewerblich genutzten Grundst\u00fccks? Wir erarbeiten gerne eine &#8222;pflegeextensive Bepflanzung&#8220; f\u00fcr Ihr Objekt, die trotzdem farbenfroh und nat\u00fcrlich ist. Wir kombinieren bei unseren Pflanzungen Geh\u00f6lze mit Bl\u00fctenstr\u00e4uchern und Stauden, so dass sich eine naturnahe Bepflanzung ergibt, [&hellip;]<\/p>\n","protected":false},"author":1,"featured_media":0,"parent":0,"menu_order":0,"comment_status":"closed","ping_status":"closed","template":"","meta":{"_et_pb_use_builder":"on","_et_pb_old_content":"","_et_gb_content_width":""},"yoast_head":"<!-- This site is optimized with the Yoast SEO plugin v17.9 - https:\/\/yoast.com\/wordpress\/plugins\/seo\/ -->\n<title>Pflanzarbeiten - Staudeng\u00e4rtnerei Thomas Gro\u00df<\/title>\n<meta name=\"robots\" content=\"index, follow, max-snippet:-1, max-image-preview:large, max-video-preview:-1\" \/>\n<link rel=\"canonical\" href=\"https:\/\/stauden-gross.de\/?page_id=202\" \/>\n<meta property=\"og:locale\" content=\"de_DE\" \/>\n<meta property=\"og:type\" content=\"article\" \/>\n<meta property=\"og:title\" content=\"Pflanzarbeiten - Staudeng\u00e4rtnerei Thomas Gro\u00df\" \/>\n<meta property=\"og:description\" content=\"PflanzarbeitenMan sagt &quot;Der Vorgarten ist die Visitenkarte des Hauses&quot;: Sie w\u00fcnschen sich eine naturnahe, insektenfreundliche Bepflanzung Ihres Privatgartens oder einem gewerblich genutzten Grundst\u00fccks? Wir erarbeiten gerne eine &quot;pflegeextensive Bepflanzung&quot; f\u00fcr Ihr Objekt, die trotzdem farbenfroh und nat\u00fcrlich ist. Wir kombinieren bei unseren Pflanzungen Geh\u00f6lze mit Bl\u00fctenstr\u00e4uchern und Stauden, so dass sich eine naturnahe Bepflanzung ergibt, [&hellip;]\" \/>\n<meta property=\"og:url\" content=\"https:\/\/stauden-gross.de\/?page_id=202\" \/>\n<meta property=\"og:site_name\" content=\"Staudeng\u00e4rtnerei Thomas Gro\u00df\" \/>\n<meta property=\"article:modified_time\" content=\"2019-11-24T16:59:16+00:00\" \/>\n<meta name=\"twitter:card\" content=\"summary_large_image\" \/>\n<meta name=\"twitter:label1\" content=\"Gesch\u00e4tzte Lesezeit\" \/>\n\t<meta name=\"twitter:data1\" content=\"1\u00a0Minute\" \/>\n<script type=\"application\/ld+json\" class=\"yoast-schema-graph\">{\"@context\":\"https:\/\/schema.org\",\"@graph\":[{\"@type\":\"Organization\",\"@id\":\"https:\/\/stauden-gross.de\/#organization\",\"name\":\"Staudengaertnerei Thomas Gross\",\"url\":\"https:\/\/stauden-gross.de\/\",\"sameAs\":[],\"logo\":{\"@type\":\"ImageObject\",\"@id\":\"https:\/\/stauden-gross.de\/#logo\",\"inLanguage\":\"de\",\"url\":\"https:\/\/stauden-gross.de\/wp-content\/uploads\/2019\/04\/NEU.jpg\",\"contentUrl\":\"https:\/\/stauden-gross.de\/wp-content\/uploads\/2019\/04\/NEU.jpg\",\"width\":1424,\"height\":409,\"caption\":\"Staudengaertnerei Thomas Gross\"},\"image\":{\"@id\":\"https:\/\/stauden-gross.de\/#logo\"}},{\"@type\":\"WebSite\",\"@id\":\"https:\/\/stauden-gross.de\/#website\",\"url\":\"https:\/\/stauden-gross.de\/\",\"name\":\"Staudeng\\u00e4rtnerei Thomas Gro\\u00df\",\"description\":\"Meisterbetrieb\",\"publisher\":{\"@id\":\"https:\/\/stauden-gross.de\/#organization\"},\"potentialAction\":[{\"@type\":\"SearchAction\",\"target\":{\"@type\":\"EntryPoint\",\"urlTemplate\":\"https:\/\/stauden-gross.de\/?s={search_term_string}\"},\"query-input\":\"required name=search_term_string\"}],\"inLanguage\":\"de\"},{\"@type\":\"WebPage\",\"@id\":\"https:\/\/stauden-gross.de\/?page_id=202#webpage\",\"url\":\"https:\/\/stauden-gross.de\/?page_id=202\",\"name\":\"Pflanzarbeiten - Staudeng\\u00e4rtnerei Thomas Gro\\u00df\",\"isPartOf\":{\"@id\":\"https:\/\/stauden-gross.de\/#website\"},\"datePublished\":\"2019-07-17T19:25:15+00:00\",\"dateModified\":\"2019-11-24T16:59:16+00:00\",\"breadcrumb\":{\"@id\":\"https:\/\/stauden-gross.de\/?page_id=202#breadcrumb\"},\"inLanguage\":\"de\",\"potentialAction\":[{\"@type\":\"ReadAction\",\"target\":[\"https:\/\/stauden-gross.de\/?page_id=202\"]}]},{\"@type\":\"BreadcrumbList\",\"@id\":\"https:\/\/stauden-gross.de\/?page_id=202#breadcrumb\",\"itemListElement\":[{\"@type\":\"ListItem\",\"position\":1,\"name\":\"Startseite\",\"item\":\"https:\/\/stauden-gross.de\/\"},{\"@type\":\"ListItem\",\"position\":2,\"name\":\"Pflanzarbeiten\"}]}]}<\/script>\n<!-- \/ Yoast SEO plugin. -->","yoast_head_json":{"title":"Pflanzarbeiten - Staudeng\u00e4rtnerei Thomas Gro\u00df","robots":{"index":"index","follow":"follow","max-snippet":"max-snippet:-1","max-image-preview":"max-image-preview:large","max-video-preview":"max-video-preview:-1"},"canonical":"https:\/\/stauden-gross.de\/?page_id=202","og_locale":"de_DE","og_type":"article","og_title":"Pflanzarbeiten - Staudeng\u00e4rtnerei Thomas Gro\u00df","og_description":"PflanzarbeitenMan sagt \"Der Vorgarten ist die Visitenkarte des Hauses\": Sie w\u00fcnschen sich eine naturnahe, insektenfreundliche Bepflanzung Ihres Privatgartens oder einem gewerblich genutzten Grundst\u00fccks? Wir erarbeiten gerne eine \"pflegeextensive Bepflanzung\" f\u00fcr Ihr Objekt, die trotzdem farbenfroh und nat\u00fcrlich ist. Wir kombinieren bei unseren Pflanzungen Geh\u00f6lze mit Bl\u00fctenstr\u00e4uchern und Stauden, so dass sich eine naturnahe Bepflanzung ergibt, [&hellip;]","og_url":"https:\/\/stauden-gross.de\/?page_id=202","og_site_name":"Staudeng\u00e4rtnerei Thomas Gro\u00df","article_modified_time":"2019-11-24T16:59:16+00:00","twitter_card":"summary_large_image","twitter_misc":{"Gesch\u00e4tzte Lesezeit":"1\u00a0Minute"},"schema":{"@context":"https:\/\/schema.org","@graph":[{"@type":"Organization","@id":"https:\/\/stauden-gross.de\/#organization","name":"Staudengaertnerei Thomas Gross","url":"https:\/\/stauden-gross.de\/","sameAs":[],"logo":{"@type":"ImageObject","@id":"https:\/\/stauden-gross.de\/#logo","inLanguage":"de","url":"https:\/\/stauden-gross.de\/wp-content\/uploads\/2019\/04\/NEU.jpg","contentUrl":"https:\/\/stauden-gross.de\/wp-content\/uploads\/2019\/04\/NEU.jpg","width":1424,"height":409,"caption":"Staudengaertnerei Thomas Gross"},"image":{"@id":"https:\/\/stauden-gross.de\/#logo"}},{"@type":"WebSite","@id":"https:\/\/stauden-gross.de\/#website","url":"https:\/\/stauden-gross.de\/","name":"Staudeng\u00e4rtnerei Thomas Gro\u00df","description":"Meisterbetrieb","publisher":{"@id":"https:\/\/stauden-gross.de\/#organization"},"potentialAction":[{"@type":"SearchAction","target":{"@type":"EntryPoint","urlTemplate":"https:\/\/stauden-gross.de\/?s={search_term_string}"},"query-input":"required name=search_term_string"}],"inLanguage":"de"},{"@type":"WebPage","@id":"https:\/\/stauden-gross.de\/?page_id=202#webpage","url":"https:\/\/stauden-gross.de\/?page_id=202","name":"Pflanzarbeiten - Staudeng\u00e4rtnerei Thomas Gro\u00df","isPartOf":{"@id":"https:\/\/stauden-gross.de\/#website"},"datePublished":"2019-07-17T19:25:15+00:00","dateModified":"2019-11-24T16:59:16+00:00","breadcrumb":{"@id":"https:\/\/stauden-gross.de\/?page_id=202#breadcrumb"},"inLanguage":"de","potentialAction":[{"@type":"ReadAction","target":["https:\/\/stauden-gross.de\/?page_id=202"]}]},{"@type":"BreadcrumbList","@id":"https:\/\/stauden-gross.de\/?page_id=202#breadcrumb","itemListElement":[{"@type":"ListItem","position":1,"name":"Startseite","item":"https:\/\/stauden-gross.de\/"},{"@type":"ListItem","position":2,"name":"Pflanzarbeiten"}]}]}},"_links":{"self":[{"href":"https:\/\/stauden-gross.de\/index.php?rest_route=\/wp\/v2\/pages\/202"}],"collection":[{"href":"https:\/\/stauden-gross.de\/index.php?rest_route=\/wp\/v2\/pages"}],"about":[{"href":"https:\/\/stauden-gross.de\/index.php?rest_route=\/wp\/v2\/types\/page"}],"author":[{"embeddable":true,"href":"https:\/\/stauden-gross.de\/index.php?rest_route=\/wp\/v2\/users\/1"}],"replies":[{"embeddable":true,"href":"https:\/\/stauden-gross.de\/index.php?rest_route=%2Fwp%2Fv2%2Fcomments&post=202"}],"version-history":[{"count":9,"href":"https:\/\/stauden-gross.de\/index.php?rest_route=\/wp\/v2\/pages\/202\/revisions"}],"predecessor-version":[{"id":354,"href":"https:\/\/stauden-gross.de\/index.php?rest_route=\/wp\/v2\/pages\/202\/revisions\/354"}],"wp:attachment":[{"href":"https:\/\/stauden-gross.de\/index.php?rest_route=%2Fwp%2Fv2%2Fmedia&parent=202"}],"curies":[{"name":"wp","href":"https:\/\/api.w.org\/{rel}","templated":true}]}}