{"id":194,"date":"2019-07-17T19:22:40","date_gmt":"2019-07-17T19:22:40","guid":{"rendered":"https:\/\/stauden-gross.bbit-hosting.de\/?page_id=194"},"modified":"2019-11-24T16:56:06","modified_gmt":"2019-11-24T16:56:06","slug":"zaunbau","status":"publish","type":"page","link":"https:\/\/stauden-gross.de\/?page_id=194","title":{"rendered":"Zaunbau"},"content":{"rendered":"<p>[et_pb_section fb_built=&#8220;1&#8243; _builder_version=&#8220;3.22.3&#8243;][et_pb_row _builder_version=&#8220;3.25&#8243;][et_pb_column type=&#8220;4_4&#8243; _builder_version=&#8220;3.25&#8243; custom_padding=&#8220;|||&#8220; custom_padding__hover=&#8220;|||&#8220;][et_pb_text _builder_version=&#8220;3.27.4&#8243; text_font=&#8220;||||||||&#8220; header_font=&#8220;|500|||||||&#8220; header_text_color=&#8220;#7ab640&#8243; header_font_size=&#8220;35px&#8220;]<\/p>\n<h1 style=\"text-align: center;\">Zaunbau<\/h1>\n<p>[\/et_pb_text][\/et_pb_column][\/et_pb_row][et_pb_row _builder_version=&#8220;3.26.6&#8243;][et_pb_column type=&#8220;4_4&#8243; _builder_version=&#8220;3.26.6&#8243;][et_pb_text _builder_version=&#8220;4.0.6&#8243; text_font=&#8220;||||||||&#8220; text_text_color=&#8220;#000000&#8243; text_font_size=&#8220;18px&#8220; header_font=&#8220;||||||||&#8220; hover_enabled=&#8220;0&#8243;]<\/p>\n<p>Sie m\u00f6chten Ihr Grundst\u00fcck mit einem Zaun einfrieden oder Ihre Terrasse vor neugierigen Blicken sch\u00fctzen?<\/p>\n<p>Die Einfriedung eines Grundst\u00fccks hat nicht nur \u00e4sthetische Gr\u00fcnde, sondern gibt dem Eigent\u00fcmer auch ein Gef\u00fchl von Sicherheit. Es spielt dabei in erster Linie keine Rolle wie hoch der Zaun ist, es geht vielmehr um eine optische Abgrenzung von Grundst\u00fccken. Laut nieders\u00e4chsischem <strong>Nachbarrechtsgesetz \u00a7 27 Einfriedungspflicht<\/strong> ist der Grundst\u00fcckseigent\u00fcmer unter Umst\u00e4nden sogar verpflichtet sein Grundst\u00fcck einzufrieden.<\/p>\n<p>Wir machen Ihnen gerne ein Angebot \u00fcber die Errichtung von :<\/p>\n<ul>\n<li>Holzz\u00e4unen<\/li>\n<li>Gabionen<\/li>\n<li>Stabgitterz\u00e4unen<\/li>\n<li>oder anderen Materialien<\/li>\n<\/ul>\n<p>[\/et_pb_text][\/et_pb_column][\/et_pb_row][et_pb_row column_structure=&#8220;1_2,1_2&#8243; _builder_version=&#8220;3.26.6&#8243;][et_pb_column type=&#8220;1_2&#8243; _builder_version=&#8220;3.26.6&#8243;][et_pb_text _builder_version=&#8220;3.27.4&#8243; text_font=&#8220;||||||||&#8220; text_text_color=&#8220;#7ab640&#8243; text_font_size=&#8220;18px&#8220; header_font=&#8220;||||||||&#8220;]<\/p>\n<p>hochwertiger L\u00e4rchenzaun in Kombination mit Gabionen<\/p>\n<p>[\/et_pb_text][et_pb_blurb image=&#8220;https:\/\/stauden-gross.bbit-hosting.de\/wp-content\/uploads\/2019\/08\/SDC15751.jpg&#8220; _builder_version=&#8220;3.26.6&#8243;][\/et_pb_blurb][et_pb_image src=&#8220;https:\/\/stauden-gross.bbit-hosting.de\/wp-content\/uploads\/2019\/08\/SDC15750.jpg&#8220; _builder_version=&#8220;3.26.6&#8243;][\/et_pb_image][\/et_pb_column][et_pb_column type=&#8220;1_2&#8243; _builder_version=&#8220;3.26.6&#8243;][et_pb_image src=&#8220;https:\/\/stauden-gross.bbit-hosting.de\/wp-content\/uploads\/2019\/08\/IMG-20190523-WA0005.jpg&#8220; _builder_version=&#8220;3.26.6&#8243; custom_margin=&#8220;130px|||||&#8220;][\/et_pb_image][\/et_pb_column][\/et_pb_row][\/et_pb_section]<\/p>\n","protected":false},"excerpt":{"rendered":"<p>ZaunbauSie m\u00f6chten Ihr Grundst\u00fcck mit einem Zaun einfrieden oder Ihre Terrasse vor neugierigen Blicken sch\u00fctzen? Die Einfriedung eines Grundst\u00fccks hat nicht nur \u00e4sthetische Gr\u00fcnde, sondern gibt dem Eigent\u00fcmer auch ein Gef\u00fchl von Sicherheit. Es spielt dabei in erster Linie keine Rolle wie hoch der Zaun ist, es geht vielmehr um eine optische Abgrenzung von Grundst\u00fccken. [&hellip;]<\/p>\n","protected":false},"author":1,"featured_media":0,"parent":0,"menu_order":0,"comment_status":"closed","ping_status":"closed","template":"","meta":{"_et_pb_use_builder":"on","_et_pb_old_content":"","_et_gb_content_width":""},"yoast_head":"<!-- This site is optimized with the Yoast SEO plugin v17.9 - https:\/\/yoast.com\/wordpress\/plugins\/seo\/ -->\n<title>Zaunbau - Staudeng\u00e4rtnerei Thomas Gro\u00df<\/title>\n<meta name=\"robots\" content=\"index, follow, max-snippet:-1, max-image-preview:large, max-video-preview:-1\" \/>\n<link rel=\"canonical\" href=\"https:\/\/stauden-gross.de\/?page_id=194\" \/>\n<meta property=\"og:locale\" content=\"de_DE\" \/>\n<meta property=\"og:type\" content=\"article\" \/>\n<meta property=\"og:title\" content=\"Zaunbau - Staudeng\u00e4rtnerei Thomas Gro\u00df\" \/>\n<meta property=\"og:description\" content=\"ZaunbauSie m\u00f6chten Ihr Grundst\u00fcck mit einem Zaun einfrieden oder Ihre Terrasse vor neugierigen Blicken sch\u00fctzen? Die Einfriedung eines Grundst\u00fccks hat nicht nur \u00e4sthetische Gr\u00fcnde, sondern gibt dem Eigent\u00fcmer auch ein Gef\u00fchl von Sicherheit. Es spielt dabei in erster Linie keine Rolle wie hoch der Zaun ist, es geht vielmehr um eine optische Abgrenzung von Grundst\u00fccken. [&hellip;]\" \/>\n<meta property=\"og:url\" content=\"https:\/\/stauden-gross.de\/?page_id=194\" \/>\n<meta property=\"og:site_name\" content=\"Staudeng\u00e4rtnerei Thomas Gro\u00df\" \/>\n<meta property=\"article:modified_time\" content=\"2019-11-24T16:56:06+00:00\" \/>\n<meta name=\"twitter:card\" content=\"summary_large_image\" \/>\n<meta name=\"twitter:label1\" content=\"Gesch\u00e4tzte Lesezeit\" \/>\n\t<meta name=\"twitter:data1\" content=\"2\u00a0Minuten\" \/>\n<script type=\"application\/ld+json\" class=\"yoast-schema-graph\">{\"@context\":\"https:\/\/schema.org\",\"@graph\":[{\"@type\":\"Organization\",\"@id\":\"https:\/\/stauden-gross.de\/#organization\",\"name\":\"Staudengaertnerei Thomas Gross\",\"url\":\"https:\/\/stauden-gross.de\/\",\"sameAs\":[],\"logo\":{\"@type\":\"ImageObject\",\"@id\":\"https:\/\/stauden-gross.de\/#logo\",\"inLanguage\":\"de\",\"url\":\"https:\/\/stauden-gross.de\/wp-content\/uploads\/2019\/04\/NEU.jpg\",\"contentUrl\":\"https:\/\/stauden-gross.de\/wp-content\/uploads\/2019\/04\/NEU.jpg\",\"width\":1424,\"height\":409,\"caption\":\"Staudengaertnerei Thomas Gross\"},\"image\":{\"@id\":\"https:\/\/stauden-gross.de\/#logo\"}},{\"@type\":\"WebSite\",\"@id\":\"https:\/\/stauden-gross.de\/#website\",\"url\":\"https:\/\/stauden-gross.de\/\",\"name\":\"Staudeng\\u00e4rtnerei Thomas Gro\\u00df\",\"description\":\"Meisterbetrieb\",\"publisher\":{\"@id\":\"https:\/\/stauden-gross.de\/#organization\"},\"potentialAction\":[{\"@type\":\"SearchAction\",\"target\":{\"@type\":\"EntryPoint\",\"urlTemplate\":\"https:\/\/stauden-gross.de\/?s={search_term_string}\"},\"query-input\":\"required name=search_term_string\"}],\"inLanguage\":\"de\"},{\"@type\":\"WebPage\",\"@id\":\"https:\/\/stauden-gross.de\/?page_id=194#webpage\",\"url\":\"https:\/\/stauden-gross.de\/?page_id=194\",\"name\":\"Zaunbau - Staudeng\\u00e4rtnerei Thomas Gro\\u00df\",\"isPartOf\":{\"@id\":\"https:\/\/stauden-gross.de\/#website\"},\"datePublished\":\"2019-07-17T19:22:40+00:00\",\"dateModified\":\"2019-11-24T16:56:06+00:00\",\"breadcrumb\":{\"@id\":\"https:\/\/stauden-gross.de\/?page_id=194#breadcrumb\"},\"inLanguage\":\"de\",\"potentialAction\":[{\"@type\":\"ReadAction\",\"target\":[\"https:\/\/stauden-gross.de\/?page_id=194\"]}]},{\"@type\":\"BreadcrumbList\",\"@id\":\"https:\/\/stauden-gross.de\/?page_id=194#breadcrumb\",\"itemListElement\":[{\"@type\":\"ListItem\",\"position\":1,\"name\":\"Startseite\",\"item\":\"https:\/\/stauden-gross.de\/\"},{\"@type\":\"ListItem\",\"position\":2,\"name\":\"Zaunbau\"}]}]}<\/script>\n<!-- \/ Yoast SEO plugin. -->","yoast_head_json":{"title":"Zaunbau - Staudeng\u00e4rtnerei Thomas Gro\u00df","robots":{"index":"index","follow":"follow","max-snippet":"max-snippet:-1","max-image-preview":"max-image-preview:large","max-video-preview":"max-video-preview:-1"},"canonical":"https:\/\/stauden-gross.de\/?page_id=194","og_locale":"de_DE","og_type":"article","og_title":"Zaunbau - Staudeng\u00e4rtnerei Thomas Gro\u00df","og_description":"ZaunbauSie m\u00f6chten Ihr Grundst\u00fcck mit einem Zaun einfrieden oder Ihre Terrasse vor neugierigen Blicken sch\u00fctzen? Die Einfriedung eines Grundst\u00fccks hat nicht nur \u00e4sthetische Gr\u00fcnde, sondern gibt dem Eigent\u00fcmer auch ein Gef\u00fchl von Sicherheit. Es spielt dabei in erster Linie keine Rolle wie hoch der Zaun ist, es geht vielmehr um eine optische Abgrenzung von Grundst\u00fccken. [&hellip;]","og_url":"https:\/\/stauden-gross.de\/?page_id=194","og_site_name":"Staudeng\u00e4rtnerei Thomas Gro\u00df","article_modified_time":"2019-11-24T16:56:06+00:00","twitter_card":"summary_large_image","twitter_misc":{"Gesch\u00e4tzte Lesezeit":"2\u00a0Minuten"},"schema":{"@context":"https:\/\/schema.org","@graph":[{"@type":"Organization","@id":"https:\/\/stauden-gross.de\/#organization","name":"Staudengaertnerei Thomas Gross","url":"https:\/\/stauden-gross.de\/","sameAs":[],"logo":{"@type":"ImageObject","@id":"https:\/\/stauden-gross.de\/#logo","inLanguage":"de","url":"https:\/\/stauden-gross.de\/wp-content\/uploads\/2019\/04\/NEU.jpg","contentUrl":"https:\/\/stauden-gross.de\/wp-content\/uploads\/2019\/04\/NEU.jpg","width":1424,"height":409,"caption":"Staudengaertnerei Thomas Gross"},"image":{"@id":"https:\/\/stauden-gross.de\/#logo"}},{"@type":"WebSite","@id":"https:\/\/stauden-gross.de\/#website","url":"https:\/\/stauden-gross.de\/","name":"Staudeng\u00e4rtnerei Thomas Gro\u00df","description":"Meisterbetrieb","publisher":{"@id":"https:\/\/stauden-gross.de\/#organization"},"potentialAction":[{"@type":"SearchAction","target":{"@type":"EntryPoint","urlTemplate":"https:\/\/stauden-gross.de\/?s={search_term_string}"},"query-input":"required name=search_term_string"}],"inLanguage":"de"},{"@type":"WebPage","@id":"https:\/\/stauden-gross.de\/?page_id=194#webpage","url":"https:\/\/stauden-gross.de\/?page_id=194","name":"Zaunbau - Staudeng\u00e4rtnerei Thomas Gro\u00df","isPartOf":{"@id":"https:\/\/stauden-gross.de\/#website"},"datePublished":"2019-07-17T19:22:40+00:00","dateModified":"2019-11-24T16:56:06+00:00","breadcrumb":{"@id":"https:\/\/stauden-gross.de\/?page_id=194#breadcrumb"},"inLanguage":"de","potentialAction":[{"@type":"ReadAction","target":["https:\/\/stauden-gross.de\/?page_id=194"]}]},{"@type":"BreadcrumbList","@id":"https:\/\/stauden-gross.de\/?page_id=194#breadcrumb","itemListElement":[{"@type":"ListItem","position":1,"name":"Startseite","item":"https:\/\/stauden-gross.de\/"},{"@type":"ListItem","position":2,"name":"Zaunbau"}]}]}},"_links":{"self":[{"href":"https:\/\/stauden-gross.de\/index.php?rest_route=\/wp\/v2\/pages\/194"}],"collection":[{"href":"https:\/\/stauden-gross.de\/index.php?rest_route=\/wp\/v2\/pages"}],"about":[{"href":"https:\/\/stauden-gross.de\/index.php?rest_route=\/wp\/v2\/types\/page"}],"author":[{"embeddable":true,"href":"https:\/\/stauden-gross.de\/index.php?rest_route=\/wp\/v2\/users\/1"}],"replies":[{"embeddable":true,"href":"https:\/\/stauden-gross.de\/index.php?rest_route=%2Fwp%2Fv2%2Fcomments&post=194"}],"version-history":[{"count":7,"href":"https:\/\/stauden-gross.de\/index.php?rest_route=\/wp\/v2\/pages\/194\/revisions"}],"predecessor-version":[{"id":349,"href":"https:\/\/stauden-gross.de\/index.php?rest_route=\/wp\/v2\/pages\/194\/revisions\/349"}],"wp:attachment":[{"href":"https:\/\/stauden-gross.de\/index.php?rest_route=%2Fwp%2Fv2%2Fmedia&parent=194"}],"curies":[{"name":"wp","href":"https:\/\/api.w.org\/{rel}","templated":true}]}}