{"id":182,"date":"2019-07-17T19:15:12","date_gmt":"2019-07-17T19:15:12","guid":{"rendered":"https:\/\/stauden-gross.bbit-hosting.de\/?page_id=182"},"modified":"2019-11-24T16:57:29","modified_gmt":"2019-11-24T16:57:29","slug":"holzterassen","status":"publish","type":"page","link":"https:\/\/stauden-gross.de\/?page_id=182","title":{"rendered":"Holzterassen"},"content":{"rendered":"<p>[et_pb_section fb_built=&#8220;1&#8243; _builder_version=&#8220;3.22.3&#8243;][et_pb_row _builder_version=&#8220;3.25&#8243;][et_pb_column type=&#8220;4_4&#8243; _builder_version=&#8220;3.25&#8243; custom_padding=&#8220;|||&#8220; custom_padding__hover=&#8220;|||&#8220;][et_pb_text _builder_version=&#8220;3.27.4&#8243; text_font=&#8220;||||||||&#8220; header_font=&#8220;|500|||||||&#8220; header_text_color=&#8220;#7ab640&#8243; header_font_size=&#8220;35px&#8220;]<\/p>\n<h1 style=\"text-align: center;\">Hozterrassen<\/h1>\n<p>[\/et_pb_text][\/et_pb_column][\/et_pb_row][et_pb_row column_structure=&#8220;1_2,1_2&#8243; _builder_version=&#8220;3.26.1&#8243;][et_pb_column type=&#8220;1_2&#8243; _builder_version=&#8220;3.26.1&#8243;][et_pb_gallery gallery_ids=&#8220;282,281,280,279,278,230,231,229,228,227,226&#8243; gallery_orderby=&#8220;rand&#8220; show_title_and_caption=&#8220;off&#8220; show_pagination=&#8220;off&#8220; _builder_version=&#8220;3.26.6&#8243; custom_margin=&#8220;50px||||false|false&#8220;][\/et_pb_gallery][\/et_pb_column][et_pb_column type=&#8220;1_2&#8243; _builder_version=&#8220;3.26.1&#8243;][et_pb_text _builder_version=&#8220;4.0.6&#8243; text_font=&#8220;||||||||&#8220; text_text_color=&#8220;#000000&#8243; text_font_size=&#8220;18px&#8220; header_font=&#8220;||||||||&#8220; custom_padding=&#8220;47px|||||&#8220; hover_enabled=&#8220;0&#8243;]<\/p>\n<p>Ein Holzdeck gibt einem immer ein gewisses Gef\u00fchl von Urlaub,<\/p>\n<p>ob an einem Teich, eingerahmt von Natursteinmauern oder einer Hecke, eine Holzterrasse ist schon bei den ersten Sonnenstrahlen im Fr\u00fchjahr ein gem\u00fctlicher Platz zum Erholen.<\/p>\n<p>Die Auswahl der H\u00f6lzer hat sich in den letzten Jahren stark auf dauerhafte Tropenh\u00f6lzer konzentriert, allerdings sollte man vor dem Hintergrund der Abholzung des tropischen Regenwaldes \u00fcber vergleichbare Alternativen nachdenken, wie zum Beispiel <strong>Thermisch Modifizierte H\u00f6lzer, <\/strong>wie Kiefer, Fichte oder Esche, die von der Haltbarkeit \u00e4hnlich der Tropenh\u00f6lzer sind. Das Wichtigste ist aber vor Allem die Unterkonstruktion, damit Sie sich lange an Ihrer Holzterrasse freuen k\u00f6nnen.<\/p>\n<p>[\/et_pb_text][\/et_pb_column][\/et_pb_row][\/et_pb_section]<\/p>\n","protected":false},"excerpt":{"rendered":"<p>HozterrassenEin Holzdeck gibt einem immer ein gewisses Gef\u00fchl von Urlaub, ob an einem Teich, eingerahmt von Natursteinmauern oder einer Hecke, eine Holzterrasse ist schon bei den ersten Sonnenstrahlen im Fr\u00fchjahr ein gem\u00fctlicher Platz zum Erholen. Die Auswahl der H\u00f6lzer hat sich in den letzten Jahren stark auf dauerhafte Tropenh\u00f6lzer konzentriert, allerdings sollte man vor dem [&hellip;]<\/p>\n","protected":false},"author":1,"featured_media":0,"parent":0,"menu_order":0,"comment_status":"closed","ping_status":"closed","template":"","meta":{"_et_pb_use_builder":"on","_et_pb_old_content":"","_et_gb_content_width":""},"yoast_head":"<!-- This site is optimized with the Yoast SEO plugin v17.9 - https:\/\/yoast.com\/wordpress\/plugins\/seo\/ -->\n<title>Holzterassen - Staudeng\u00e4rtnerei Thomas Gro\u00df<\/title>\n<meta name=\"robots\" content=\"index, follow, max-snippet:-1, max-image-preview:large, max-video-preview:-1\" \/>\n<link rel=\"canonical\" href=\"https:\/\/stauden-gross.de\/?page_id=182\" \/>\n<meta property=\"og:locale\" content=\"de_DE\" \/>\n<meta property=\"og:type\" content=\"article\" \/>\n<meta property=\"og:title\" content=\"Holzterassen - Staudeng\u00e4rtnerei Thomas Gro\u00df\" \/>\n<meta property=\"og:description\" content=\"HozterrassenEin Holzdeck gibt einem immer ein gewisses Gef\u00fchl von Urlaub, ob an einem Teich, eingerahmt von Natursteinmauern oder einer Hecke, eine Holzterrasse ist schon bei den ersten Sonnenstrahlen im Fr\u00fchjahr ein gem\u00fctlicher Platz zum Erholen. Die Auswahl der H\u00f6lzer hat sich in den letzten Jahren stark auf dauerhafte Tropenh\u00f6lzer konzentriert, allerdings sollte man vor dem [&hellip;]\" \/>\n<meta property=\"og:url\" content=\"https:\/\/stauden-gross.de\/?page_id=182\" \/>\n<meta property=\"og:site_name\" content=\"Staudeng\u00e4rtnerei Thomas Gro\u00df\" \/>\n<meta property=\"article:modified_time\" content=\"2019-11-24T16:57:29+00:00\" \/>\n<meta name=\"twitter:card\" content=\"summary_large_image\" \/>\n<meta name=\"twitter:label1\" content=\"Gesch\u00e4tzte Lesezeit\" \/>\n\t<meta name=\"twitter:data1\" content=\"1\u00a0Minute\" \/>\n<script type=\"application\/ld+json\" class=\"yoast-schema-graph\">{\"@context\":\"https:\/\/schema.org\",\"@graph\":[{\"@type\":\"Organization\",\"@id\":\"https:\/\/stauden-gross.de\/#organization\",\"name\":\"Staudengaertnerei Thomas Gross\",\"url\":\"https:\/\/stauden-gross.de\/\",\"sameAs\":[],\"logo\":{\"@type\":\"ImageObject\",\"@id\":\"https:\/\/stauden-gross.de\/#logo\",\"inLanguage\":\"de\",\"url\":\"https:\/\/stauden-gross.de\/wp-content\/uploads\/2019\/04\/NEU.jpg\",\"contentUrl\":\"https:\/\/stauden-gross.de\/wp-content\/uploads\/2019\/04\/NEU.jpg\",\"width\":1424,\"height\":409,\"caption\":\"Staudengaertnerei Thomas Gross\"},\"image\":{\"@id\":\"https:\/\/stauden-gross.de\/#logo\"}},{\"@type\":\"WebSite\",\"@id\":\"https:\/\/stauden-gross.de\/#website\",\"url\":\"https:\/\/stauden-gross.de\/\",\"name\":\"Staudeng\\u00e4rtnerei Thomas Gro\\u00df\",\"description\":\"Meisterbetrieb\",\"publisher\":{\"@id\":\"https:\/\/stauden-gross.de\/#organization\"},\"potentialAction\":[{\"@type\":\"SearchAction\",\"target\":{\"@type\":\"EntryPoint\",\"urlTemplate\":\"https:\/\/stauden-gross.de\/?s={search_term_string}\"},\"query-input\":\"required name=search_term_string\"}],\"inLanguage\":\"de\"},{\"@type\":\"WebPage\",\"@id\":\"https:\/\/stauden-gross.de\/?page_id=182#webpage\",\"url\":\"https:\/\/stauden-gross.de\/?page_id=182\",\"name\":\"Holzterassen - Staudeng\\u00e4rtnerei Thomas Gro\\u00df\",\"isPartOf\":{\"@id\":\"https:\/\/stauden-gross.de\/#website\"},\"datePublished\":\"2019-07-17T19:15:12+00:00\",\"dateModified\":\"2019-11-24T16:57:29+00:00\",\"breadcrumb\":{\"@id\":\"https:\/\/stauden-gross.de\/?page_id=182#breadcrumb\"},\"inLanguage\":\"de\",\"potentialAction\":[{\"@type\":\"ReadAction\",\"target\":[\"https:\/\/stauden-gross.de\/?page_id=182\"]}]},{\"@type\":\"BreadcrumbList\",\"@id\":\"https:\/\/stauden-gross.de\/?page_id=182#breadcrumb\",\"itemListElement\":[{\"@type\":\"ListItem\",\"position\":1,\"name\":\"Startseite\",\"item\":\"https:\/\/stauden-gross.de\/\"},{\"@type\":\"ListItem\",\"position\":2,\"name\":\"Holzterassen\"}]}]}<\/script>\n<!-- \/ Yoast SEO plugin. -->","yoast_head_json":{"title":"Holzterassen - Staudeng\u00e4rtnerei Thomas Gro\u00df","robots":{"index":"index","follow":"follow","max-snippet":"max-snippet:-1","max-image-preview":"max-image-preview:large","max-video-preview":"max-video-preview:-1"},"canonical":"https:\/\/stauden-gross.de\/?page_id=182","og_locale":"de_DE","og_type":"article","og_title":"Holzterassen - Staudeng\u00e4rtnerei Thomas Gro\u00df","og_description":"HozterrassenEin Holzdeck gibt einem immer ein gewisses Gef\u00fchl von Urlaub, ob an einem Teich, eingerahmt von Natursteinmauern oder einer Hecke, eine Holzterrasse ist schon bei den ersten Sonnenstrahlen im Fr\u00fchjahr ein gem\u00fctlicher Platz zum Erholen. Die Auswahl der H\u00f6lzer hat sich in den letzten Jahren stark auf dauerhafte Tropenh\u00f6lzer konzentriert, allerdings sollte man vor dem [&hellip;]","og_url":"https:\/\/stauden-gross.de\/?page_id=182","og_site_name":"Staudeng\u00e4rtnerei Thomas Gro\u00df","article_modified_time":"2019-11-24T16:57:29+00:00","twitter_card":"summary_large_image","twitter_misc":{"Gesch\u00e4tzte Lesezeit":"1\u00a0Minute"},"schema":{"@context":"https:\/\/schema.org","@graph":[{"@type":"Organization","@id":"https:\/\/stauden-gross.de\/#organization","name":"Staudengaertnerei Thomas Gross","url":"https:\/\/stauden-gross.de\/","sameAs":[],"logo":{"@type":"ImageObject","@id":"https:\/\/stauden-gross.de\/#logo","inLanguage":"de","url":"https:\/\/stauden-gross.de\/wp-content\/uploads\/2019\/04\/NEU.jpg","contentUrl":"https:\/\/stauden-gross.de\/wp-content\/uploads\/2019\/04\/NEU.jpg","width":1424,"height":409,"caption":"Staudengaertnerei Thomas Gross"},"image":{"@id":"https:\/\/stauden-gross.de\/#logo"}},{"@type":"WebSite","@id":"https:\/\/stauden-gross.de\/#website","url":"https:\/\/stauden-gross.de\/","name":"Staudeng\u00e4rtnerei Thomas Gro\u00df","description":"Meisterbetrieb","publisher":{"@id":"https:\/\/stauden-gross.de\/#organization"},"potentialAction":[{"@type":"SearchAction","target":{"@type":"EntryPoint","urlTemplate":"https:\/\/stauden-gross.de\/?s={search_term_string}"},"query-input":"required name=search_term_string"}],"inLanguage":"de"},{"@type":"WebPage","@id":"https:\/\/stauden-gross.de\/?page_id=182#webpage","url":"https:\/\/stauden-gross.de\/?page_id=182","name":"Holzterassen - Staudeng\u00e4rtnerei Thomas Gro\u00df","isPartOf":{"@id":"https:\/\/stauden-gross.de\/#website"},"datePublished":"2019-07-17T19:15:12+00:00","dateModified":"2019-11-24T16:57:29+00:00","breadcrumb":{"@id":"https:\/\/stauden-gross.de\/?page_id=182#breadcrumb"},"inLanguage":"de","potentialAction":[{"@type":"ReadAction","target":["https:\/\/stauden-gross.de\/?page_id=182"]}]},{"@type":"BreadcrumbList","@id":"https:\/\/stauden-gross.de\/?page_id=182#breadcrumb","itemListElement":[{"@type":"ListItem","position":1,"name":"Startseite","item":"https:\/\/stauden-gross.de\/"},{"@type":"ListItem","position":2,"name":"Holzterassen"}]}]}},"_links":{"self":[{"href":"https:\/\/stauden-gross.de\/index.php?rest_route=\/wp\/v2\/pages\/182"}],"collection":[{"href":"https:\/\/stauden-gross.de\/index.php?rest_route=\/wp\/v2\/pages"}],"about":[{"href":"https:\/\/stauden-gross.de\/index.php?rest_route=\/wp\/v2\/types\/page"}],"author":[{"embeddable":true,"href":"https:\/\/stauden-gross.de\/index.php?rest_route=\/wp\/v2\/users\/1"}],"replies":[{"embeddable":true,"href":"https:\/\/stauden-gross.de\/index.php?rest_route=%2Fwp%2Fv2%2Fcomments&post=182"}],"version-history":[{"count":11,"href":"https:\/\/stauden-gross.de\/index.php?rest_route=\/wp\/v2\/pages\/182\/revisions"}],"predecessor-version":[{"id":351,"href":"https:\/\/stauden-gross.de\/index.php?rest_route=\/wp\/v2\/pages\/182\/revisions\/351"}],"wp:attachment":[{"href":"https:\/\/stauden-gross.de\/index.php?rest_route=%2Fwp%2Fv2%2Fmedia&parent=182"}],"curies":[{"name":"wp","href":"https:\/\/api.w.org\/{rel}","templated":true}]}}